{"id":224,"date":"2019-07-10T14:44:38","date_gmt":"2019-07-10T14:44:38","guid":{"rendered":"http:\/\/www.eng-a.com\/?page_id=224"},"modified":"2022-03-28T16:13:41","modified_gmt":"2022-03-28T16:13:41","slug":"1-pocetna","status":"publish","type":"page","link":"https:\/\/www.eng-a.com\/","title":{"rendered":"Po\u010detna"},"content":{"rendered":"\n<div class=\"wp-block-cover alignfull has-background-dim alsonarrower\" style=\"min-height:400px\"><img loading=\"lazy\" width=\"7680\" height=\"3744\" class=\"wp-block-cover__image-background wp-image-320\" alt=\"\" src=\"https:\/\/www.eng-a.com\/wp-content\/uploads\/2019\/12\/shutterstock_648204952.jpg\" data-object-fit=\"cover\" srcset=\"https:\/\/www.eng-a.com\/wp-content\/uploads\/2019\/12\/shutterstock_648204952.jpg 7680w, https:\/\/www.eng-a.com\/wp-content\/uploads\/2019\/12\/shutterstock_648204952-300x146.jpg 300w, https:\/\/www.eng-a.com\/wp-content\/uploads\/2019\/12\/shutterstock_648204952-768x374.jpg 768w, https:\/\/www.eng-a.com\/wp-content\/uploads\/2019\/12\/shutterstock_648204952-1024x499.jpg 1024w\" sizes=\"(max-width: 7680px) 100vw, 7680px\" \/><div class=\"wp-block-cover__inner-container\">\n<p class=\"has-text-align-left has-large-font-size\">Iskustvo<\/p>\n\n\n\n<p>Stru\u010dnjaci s preko 25 godina me\u0111unarodnog i doma\u0107eg iskustva u energetskom sektoru.<\/p>\n\n\n\n<div class=\"wp-block-buttons is-content-justification-left\">\n<div class=\"wp-block-button is-style-fill\"><a class=\"wp-block-button__link has-vivid-cyan-blue-background-color has-background\" rel=\"https:\/\/www.eng-a.com\/?page_id=92\">Saznaj vi\u0161e<\/a><\/div>\n<\/div>\n<\/div><\/div>\n\n\n\n<div class=\"wp-block-columns narrower\">\n<div class=\"wp-block-column\">\n<div class=\"wp-block-cover has-background-dim-100 has-background-dim\" style=\"background-color:#4fbbff\"><img loading=\"lazy\" width=\"315\" height=\"170\" class=\"wp-block-cover__image-background wp-image-310\" alt=\"\" src=\"https:\/\/www.eng-a.com\/wp-content\/uploads\/2019\/11\/Picture1.jpg\" data-object-fit=\"cover\" srcset=\"https:\/\/www.eng-a.com\/wp-content\/uploads\/2019\/11\/Picture1.jpg 315w, https:\/\/www.eng-a.com\/wp-content\/uploads\/2019\/11\/Picture1-300x162.jpg 300w\" sizes=\"(max-width: 315px) 100vw, 315px\" \/><div class=\"wp-block-cover__inner-container\">\n<p class=\"has-text-align-center\" style=\"font-size:33px\">Poziv na stru\u010dnu radionicu <\/p>\n\n\n\n<p>CIJENE PRIRODNOG PLINA Kada i kako ugovarati? Kako smanjiti rizik i efektivnu cijenu?<\/p>\n\n\n\n<div class=\"wp-block-buttons\">\n<div class=\"wp-block-button\"><a class=\"wp-block-button__link\" href=\"https:\/\/www.eng-a.com\/?page_id=373\">Vi\u0161e o radionici<\/a><\/div>\n<\/div>\n<\/div><\/div>\n<\/div>\n\n\n\n<div class=\"wp-block-column\">\n<div class=\"wp-block-cover has-background-dim-100 has-vivid-cyan-blue-background-color has-background-dim\"><img loading=\"lazy\" width=\"2048\" height=\"2560\" class=\"wp-block-cover__image-background wp-image-468\" alt=\"\" src=\"https:\/\/www.eng-a.com\/wp-content\/uploads\/2021\/02\/franzi-meyer-ysOwp89fi9A-unsplash-scaled-1.jpg\" data-object-fit=\"cover\" srcset=\"https:\/\/www.eng-a.com\/wp-content\/uploads\/2021\/02\/franzi-meyer-ysOwp89fi9A-unsplash-scaled-1.jpg 2048w, https:\/\/www.eng-a.com\/wp-content\/uploads\/2021\/02\/franzi-meyer-ysOwp89fi9A-unsplash-scaled-1-240x300.jpg 240w, https:\/\/www.eng-a.com\/wp-content\/uploads\/2021\/02\/franzi-meyer-ysOwp89fi9A-unsplash-scaled-1-819x1024.jpg 819w, https:\/\/www.eng-a.com\/wp-content\/uploads\/2021\/02\/franzi-meyer-ysOwp89fi9A-unsplash-scaled-1-768x960.jpg 768w, https:\/\/www.eng-a.com\/wp-content\/uploads\/2021\/02\/franzi-meyer-ysOwp89fi9A-unsplash-scaled-1-1229x1536.jpg 1229w, https:\/\/www.eng-a.com\/wp-content\/uploads\/2021\/02\/franzi-meyer-ysOwp89fi9A-unsplash-scaled-1-1638x2048.jpg 1638w\" sizes=\"(max-width: 2048px) 100vw, 2048px\" \/><div class=\"wp-block-cover__inner-container\">\n<p class=\"has-text-align-center\" style=\"font-size:33px\">Misija<\/p>\n\n\n\n<p>Energetska akademija d.o.o. poma\u017ee u razvoju tro\u0161kovno u\u010dinkovitog poslovanja na podru\u010dju prirodnog plina, elektri\u010dne energije i alternativnih goriva.<\/p>\n\n\n\n<div class=\"wp-block-buttons\">\n<div class=\"wp-block-button\"><a class=\"wp-block-button__link\" href=\"https:\/\/www.eng-a.com\/?page_id=90\">Vi\u0161e o nama<\/a><\/div>\n<\/div>\n<\/div><\/div>\n<\/div>\n\n\n\n<div class=\"wp-block-column\">\n<div class=\"wp-block-cover has-background-dim-100 has-background-dim\" style=\"background-color:#007ac1\"><img loading=\"lazy\" width=\"1920\" height=\"1280\" class=\"wp-block-cover__image-background wp-image-509\" alt=\"\" src=\"https:\/\/www.eng-a.com\/wp-content\/uploads\/2021\/04\/phone-4464687_1920.jpg\" data-object-fit=\"cover\" srcset=\"https:\/\/www.eng-a.com\/wp-content\/uploads\/2021\/04\/phone-4464687_1920.jpg 1920w, https:\/\/www.eng-a.com\/wp-content\/uploads\/2021\/04\/phone-4464687_1920-300x200.jpg 300w, https:\/\/www.eng-a.com\/wp-content\/uploads\/2021\/04\/phone-4464687_1920-1024x683.jpg 1024w, https:\/\/www.eng-a.com\/wp-content\/uploads\/2021\/04\/phone-4464687_1920-768x512.jpg 768w, https:\/\/www.eng-a.com\/wp-content\/uploads\/2021\/04\/phone-4464687_1920-1536x1024.jpg 1536w\" sizes=\"(max-width: 1920px) 100vw, 1920px\" \/><div class=\"wp-block-cover__inner-container\">\n<p class=\"has-text-align-center\" style=\"font-size:33px\">Kontakt<\/p>\n\n\n\n<p>Kontaktirajte nas!<\/p>\n\n\n\n<div class=\"wp-block-buttons\">\n<div class=\"wp-block-button\"><a class=\"wp-block-button__link\" href=\"https:\/\/www.eng-a.com\/?page_id=98\">Na\u0161i kontakti<\/a><\/div>\n<\/div>\n<\/div><\/div>\n<\/div>\n<\/div>\n\n\n\n<div class=\"wp-block-group alignwide\"><div class=\"wp-block-group__inner-container\">\n<div class=\"wp-block-group alignfull\"><div class=\"wp-block-group__inner-container\">\n<div class=\"wp-block-media-text alignfull is-stacked-on-mobile is-vertically-aligned-center\"><figure class=\"wp-block-media-text__media\"><img loading=\"lazy\" width=\"1024\" height=\"683\" src=\"https:\/\/www.eng-a.com\/wp-content\/uploads\/2019\/12\/IMG_4665-1024x683.jpg\" alt=\"\" class=\"wp-image-321 size-full\" srcset=\"https:\/\/www.eng-a.com\/wp-content\/uploads\/2019\/12\/IMG_4665-1024x683.jpg 1024w, https:\/\/www.eng-a.com\/wp-content\/uploads\/2019\/12\/IMG_4665-300x200.jpg 300w, https:\/\/www.eng-a.com\/wp-content\/uploads\/2019\/12\/IMG_4665-768x512.jpg 768w\" sizes=\"(max-width: 1024px) 100vw, 1024px\" \/><\/figure><div class=\"wp-block-media-text__content\">\n<p class=\"has-large-font-size\">Stru\u010dne radionice i obuka<\/p>\n\n\n\n<p>Odr\u017eavanje i organiziranje radionica na razli\u010dite teme u energetskom sektoru.<\/p>\n\n\n\n<div class=\"wp-block-buttons\">\n<div class=\"wp-block-button\"><a class=\"wp-block-button__link\" href=\"https:\/\/www.eng-a.com\/?page_id=68\">Saznajte vi\u0161e<\/a><\/div>\n<\/div>\n<\/div><\/div>\n<\/div><\/div>\n<\/div><\/div>\n\n\n\n<div class=\"wp-block-columns\">\n<div class=\"wp-block-column\">\n<div class=\"wp-block-image\"><figure class=\"aligncenter size-large is-resized\"><a href=\"https:\/\/www.eng-a.com\/?page_id=70\"><img loading=\"lazy\" src=\"https:\/\/www.eng-a.com\/wp-content\/uploads\/2019\/10\/conference-4087444_1920-1-1024x660.jpg\" alt=\"\" class=\"wp-image-298\" width=\"254\" height=\"165\" srcset=\"https:\/\/www.eng-a.com\/wp-content\/uploads\/2019\/10\/conference-4087444_1920-1-1024x660.jpg 1024w, https:\/\/www.eng-a.com\/wp-content\/uploads\/2019\/10\/conference-4087444_1920-1-768x495.jpg 768w, https:\/\/www.eng-a.com\/wp-content\/uploads\/2019\/10\/conference-4087444_1920-1.jpg 1920w\" sizes=\"(max-width: 254px) 100vw, 254px\" \/><\/a><figcaption><a href=\"https:\/\/www.eng-a.com\/?page_id=70\"><strong>Webinari<\/strong><\/a><br><br><a href=\"https:\/\/www.eng-a.com\/?page_id=70\">Prijavite se na na\u0161e webinare.<\/a><\/figcaption><\/figure><\/div>\n<\/div>\n\n\n\n<div class=\"wp-block-column\">\n<div class=\"wp-block-image\"><figure class=\"aligncenter size-large is-resized\"><img loading=\"lazy\" src=\"https:\/\/www.eng-a.com\/wp-content\/uploads\/2019\/11\/person-holding-blue-ballpoint-pen-on-white-notebook-6696101-1024x678.jpg\" alt=\"\" class=\"wp-image-311\" width=\"250\" height=\"165\" srcset=\"https:\/\/www.eng-a.com\/wp-content\/uploads\/2019\/11\/person-holding-blue-ballpoint-pen-on-white-notebook-6696101-1024x678.jpg 1024w, https:\/\/www.eng-a.com\/wp-content\/uploads\/2019\/11\/person-holding-blue-ballpoint-pen-on-white-notebook-6696101-300x199.jpg 300w, https:\/\/www.eng-a.com\/wp-content\/uploads\/2019\/11\/person-holding-blue-ballpoint-pen-on-white-notebook-6696101-768x509.jpg 768w\" sizes=\"(max-width: 250px) 100vw, 250px\" \/><figcaption><a href=\"https:\/\/www.eng-a.com\/?page_id=116\"><strong>Stru\u010dne studije i analize<\/strong><\/a><br><a href=\"https:\/\/www.eng-a.com\/?page_id=116\"><br>Priprema i ocjena poslovnih planova, predinvesticijskih i investicijskih studija za energetske tvrtke i energetske projekte.<\/a><\/figcaption><\/figure><\/div>\n<\/div>\n\n\n\n<div class=\"wp-block-column\">\n<div class=\"wp-block-image\"><figure class=\"aligncenter size-large is-resized\"><a href=\"https:\/\/www.eng-a.com\/?page_id=60\"><img loading=\"lazy\" src=\"https:\/\/www.eng-a.com\/wp-content\/uploads\/2019\/11\/questions-answers-signage-208494-1024x748.jpg\" alt=\"\" class=\"wp-image-314\" width=\"226\" height=\"165\" srcset=\"https:\/\/www.eng-a.com\/wp-content\/uploads\/2019\/11\/questions-answers-signage-208494-1024x748.jpg 1024w, https:\/\/www.eng-a.com\/wp-content\/uploads\/2019\/11\/questions-answers-signage-208494-300x219.jpg 300w, https:\/\/www.eng-a.com\/wp-content\/uploads\/2019\/11\/questions-answers-signage-208494-768x561.jpg 768w\" sizes=\"(max-width: 226px) 100vw, 226px\" \/><\/a><figcaption><a href=\"https:\/\/www.eng-a.com\/?page_id=60\"><strong>Operativna podr\u0161ka<\/strong><\/a><\/figcaption><\/figure><\/div>\n\n\n\n<p class=\"has-text-align-center has-small-font-size\"><a href=\"https:\/\/www.eng-a.com\/?page_id=60\">Na strani prodaje i kupovine prirodnog plina.<\/a><\/p>\n\n\n\n<p><\/p>\n<\/div>\n<\/div>\n\n\n\n<p><\/p>\n","protected":false},"excerpt":{"rendered":"<p>Na strani prodaje i kupovine prirodnog plina.<\/p>\n","protected":false},"author":1,"featured_media":0,"parent":0,"menu_order":0,"comment_status":"closed","ping_status":"closed","template":"","meta":[],"_links":{"self":[{"href":"https:\/\/www.eng-a.com\/index.php?rest_route=\/wp\/v2\/pages\/224"}],"collection":[{"href":"https:\/\/www.eng-a.com\/index.php?rest_route=\/wp\/v2\/pages"}],"about":[{"href":"https:\/\/www.eng-a.com\/index.php?rest_route=\/wp\/v2\/types\/page"}],"author":[{"embeddable":true,"href":"https:\/\/www.eng-a.com\/index.php?rest_route=\/wp\/v2\/users\/1"}],"replies":[{"embeddable":true,"href":"https:\/\/www.eng-a.com\/index.php?rest_route=%2Fwp%2Fv2%2Fcomments&post=224"}],"version-history":[{"count":49,"href":"https:\/\/www.eng-a.com\/index.php?rest_route=\/wp\/v2\/pages\/224\/revisions"}],"predecessor-version":[{"id":682,"href":"https:\/\/www.eng-a.com\/index.php?rest_route=\/wp\/v2\/pages\/224\/revisions\/682"}],"wp:attachment":[{"href":"https:\/\/www.eng-a.com\/index.php?rest_route=%2Fwp%2Fv2%2Fmedia&parent=224"}],"curies":[{"name":"wp","href":"https:\/\/api.w.org\/{rel}","templated":true}]}}